{"id":1342,"date":"2018-01-10T12:11:28","date_gmt":"2018-01-10T12:11:28","guid":{"rendered":"https:\/\/www.myuste.com\/acerca-de-m-yuste\/"},"modified":"2020-03-19T18:57:42","modified_gmt":"2020-03-19T18:57:42","slug":"acerca-de-m-yuste","status":"publish","type":"page","link":"https:\/\/www.myuste.com\/ca\/acerca-de-m-yuste\/","title":{"rendered":"Sobre M.Yuste"},"content":{"rendered":"<h1>Des de 1988&#8230;<\/h1>\n<p>M.YUSTE es va fundar el 2004 per professionals del m\u00f3n de la porta i els automatismes amb m\u00e9s de 35 anys d&#8217;experi\u00e8ncia. El seu fundador, coneixedor de l&#8217;ofici des de l&#8217;any 1974, despr\u00e9s d&#8217;estar 14 anys treballant per compte d&#8217;altri en una empresa familiar de portes i serralleria per a obres, l&#8217;any 1988 decideix emprendre la seva pr\u00f2pia empresa de fabricaci\u00f3 de portes i instal\u00b7lacions d&#8217;automatismes i serralleria. Aquesta empresa va ser els fonaments del que m\u00e9s tard passaria a ser &#8220;M. YUSTE, Portes i Automatismes&#8221;.<\/p>\n<hr \/>\n<p style=\"text-align: center;\"><a href=\"http:\/\/www.hormann.es\/\" target=\"_blank\" rel=\"noopener noreferrer\"><img decoding=\"async\" class=\"wp-image-54 size-full aligncenter\" title=\"H\u00f6rmann \" src=\"http:\/\/www.myuste.com\/wp-content\/uploads\/2018\/01\/logo.png\" alt=\"\" width=\"200\" height=\"50\" \/><\/a><\/p>\n<h3 style=\"text-align: center;\"><strong>Distribu\u00efdor oficial H\u00f6rmann<\/strong><\/h3>\n<hr \/>\n<p style=\"text-align: left;\">Oferim solucions personalitzades per a cada NECESSITAT. Tota la nostra experi\u00e8ncia aplicada amb la m\u00e0xima seguretat i qualitat que la legislaci\u00f3 i la professionalitat exigeixen. Disposem d&#8217;una gran quantitat de productes fabricats en la seva majoria per nosaltres i altres comercialitzats i instal\u00b7lats.<\/p>\n<hr \/>\n<p>&nbsp;<\/p>\n","protected":false},"excerpt":{"rendered":"<p>Des de 1988&#8230; M.YUSTE es va fundar el 2004 per professionals del m\u00f3n de la porta i els automatismes amb m\u00e9s de 35 anys d&#8217;experi\u00e8ncia. El seu fundador, coneixedor de l&#8217;ofici des de l&#8217;any 1974, despr\u00e9s d&#8217;estar 14 anys treballant per compte d&#8217;altri en una empresa familiar de portes i serralleria per a obres, l&#8217;any [&hellip;]<\/p>\n","protected":false},"author":2,"featured_media":0,"parent":0,"menu_order":2,"comment_status":"closed","ping_status":"closed","template":"templates\/page-full-width.php","meta":{"footnotes":""},"class_list":["post-1342","page","type-page","status-publish","hentry"],"aioseo_notices":[],"_links":{"self":[{"href":"https:\/\/www.myuste.com\/ca\/wp-json\/wp\/v2\/pages\/1342","targetHints":{"allow":["GET"]}}],"collection":[{"href":"https:\/\/www.myuste.com\/ca\/wp-json\/wp\/v2\/pages"}],"about":[{"href":"https:\/\/www.myuste.com\/ca\/wp-json\/wp\/v2\/types\/page"}],"author":[{"embeddable":true,"href":"https:\/\/www.myuste.com\/ca\/wp-json\/wp\/v2\/users\/2"}],"replies":[{"embeddable":true,"href":"https:\/\/www.myuste.com\/ca\/wp-json\/wp\/v2\/comments?post=1342"}],"version-history":[{"count":1,"href":"https:\/\/www.myuste.com\/ca\/wp-json\/wp\/v2\/pages\/1342\/revisions"}],"predecessor-version":[{"id":1545,"href":"https:\/\/www.myuste.com\/ca\/wp-json\/wp\/v2\/pages\/1342\/revisions\/1545"}],"wp:attachment":[{"href":"https:\/\/www.myuste.com\/ca\/wp-json\/wp\/v2\/media?parent=1342"}],"curies":[{"name":"wp","href":"https:\/\/api.w.org\/{rel}","templated":true}]}}