{"id":1348,"date":"2018-01-10T12:55:14","date_gmt":"2018-01-10T12:55:14","guid":{"rendered":"https:\/\/www.myuste.com\/portes\/"},"modified":"2018-01-10T12:55:14","modified_gmt":"2018-01-10T12:55:14","slug":"portes","status":"publish","type":"page","link":"https:\/\/www.myuste.com\/ca\/portes\/","title":{"rendered":"Portes"},"content":{"rendered":"<h1 style=\"text-align: left;\" align=\"center\">Portes M.Yuste<\/h1>\n<p align=\"center\">Disposem d&#8217;una \u00e0mplia gamma de portes per a garatge, comunitari o residencial, per a la seva nau industrial, local o negoci. Basculants, en diferents models i acabats. <img fetchpriority=\"high\" decoding=\"async\" class=\"aligncenter wp-image-198 size-large\" title=\"Puertas de entrada M.Yuste\" src=\"http:\/\/www.myuste.com\/wp-content\/uploads\/2018\/01\/puertas-myuste-1024x375.jpg\" alt=\"\" width=\"1024\" height=\"375\" srcset=\"https:\/\/www.myuste.com\/wp-content\/uploads\/2018\/01\/puertas-myuste-1024x375.jpg 1024w, https:\/\/www.myuste.com\/wp-content\/uploads\/2018\/01\/puertas-myuste-300x110.jpg 300w, https:\/\/www.myuste.com\/wp-content\/uploads\/2018\/01\/puertas-myuste-768x281.jpg 768w, https:\/\/www.myuste.com\/wp-content\/uploads\/2018\/01\/puertas-myuste.jpg 1400w\" sizes=\"(max-width: 1024px) 100vw, 1024px\" \/><\/p>\n<p style=\"text-align: left;\" align=\"center\">Enrotllables, d&#8217;acer galvanitzat o d&#8217;alumini, en diferents models i acabat. Seccionals, ideals! Ja que l&#8217;excel\u00b7lent acabat ens fa acabar amb el manteniment de la porta i a m\u00e9s ens asseguren un tancament estanco i gran a\u00efllament t\u00e8rmic.<\/p>\n<p style=\"text-align: left;\" align=\"center\">D&#8217;entrada, Per a la seva comunitat o resid\u00e8ncia, igualment en diversos acabats i una gran varietat de models a triar, fabricades per nosaltres o b\u00e9 de la prestigiosa marca H\u00f6rmann. Portes corredisses o batients per a la seva parcel\u00b7la o xalet, en infinitat de models, manuals o autom\u00e0tiques.<\/p>\n<hr \/>\n<p style=\"text-align: left;\" align=\"center\"><img decoding=\"async\" class=\"aligncenter size-full wp-image-815\" src=\"https:\/\/www.myuste.com\/wp-content\/uploads\/2019\/03\/promocion-hormann-2019.jpg\" alt=\"\" width=\"714\" height=\"300\" srcset=\"https:\/\/www.myuste.com\/wp-content\/uploads\/2019\/03\/promocion-hormann-2019.jpg 714w, https:\/\/www.myuste.com\/wp-content\/uploads\/2019\/03\/promocion-hormann-2019-300x126.jpg 300w\" sizes=\"(max-width: 714px) 100vw, 714px\" \/><\/p>\n<hr \/>\n<p align=\"center\">[metaslider id=&#8221;63&#8243;]<\/p>\n<hr \/>\n<p align=\"center\"><a href=\"http:\/\/www.myuste.com\/puertas\/basculantes\/\">Basculants<\/a>\u00a0\u00a0\u00a0<a href=\"http:\/\/www.myuste.com\/puertas\/seccionales\/\">Seccionals\u00a0\u00a0\u00a0\u00a0<\/a><a href=\"http:\/\/www.myuste.com\/puertas\/enrollables\/\">Enrotllables<\/a>\u00a0\u00a0\u00a0<a href=\"http:\/\/www.myuste.com\/puertas\/cristal-automaticas\/\">Vidre-Autom\u00e1tiques<\/a>\u00a0\u00a0\u00a0<a href=\"http:\/\/www.myuste.com\/puertas\/correderas\/\">Corredisses<\/a>\u00a0\u00a0\u00a0<a href=\"http:\/\/www.myuste.com\/puertas\/batientes\/\">Batents<\/a>\u00a0\u00a0\u00a0<a href=\"http:\/\/www.myuste.com\/puertas\/industriales\/\">Industrials<\/a><\/p>\n<hr \/>\n<h3 align=\"center\">Necessites un pressupost?<\/h3>\n<p align=\"center\">[contact-form-7 id=&#8221;287&#8243; title=&#8221;Contacte&#8221;]<\/p>\n","protected":false},"excerpt":{"rendered":"<p>Portes M.Yuste Disposem d&#8217;una \u00e0mplia gamma de portes per a garatge, comunitari o residencial, per a la seva nau industrial, local o negoci. Basculants, en diferents models i acabats. Enrotllables, d&#8217;acer galvanitzat o d&#8217;alumini, en diferents models i acabat. Seccionals, ideals! Ja que l&#8217;excel\u00b7lent acabat ens fa acabar amb el manteniment de la porta i [&hellip;]<\/p>\n","protected":false},"author":2,"featured_media":0,"parent":0,"menu_order":0,"comment_status":"closed","ping_status":"closed","template":"","meta":{"footnotes":""},"class_list":["post-1348","page","type-page","status-publish","hentry"],"aioseo_notices":[],"_links":{"self":[{"href":"https:\/\/www.myuste.com\/ca\/wp-json\/wp\/v2\/pages\/1348","targetHints":{"allow":["GET"]}}],"collection":[{"href":"https:\/\/www.myuste.com\/ca\/wp-json\/wp\/v2\/pages"}],"about":[{"href":"https:\/\/www.myuste.com\/ca\/wp-json\/wp\/v2\/types\/page"}],"author":[{"embeddable":true,"href":"https:\/\/www.myuste.com\/ca\/wp-json\/wp\/v2\/users\/2"}],"replies":[{"embeddable":true,"href":"https:\/\/www.myuste.com\/ca\/wp-json\/wp\/v2\/comments?post=1348"}],"version-history":[{"count":0,"href":"https:\/\/www.myuste.com\/ca\/wp-json\/wp\/v2\/pages\/1348\/revisions"}],"wp:attachment":[{"href":"https:\/\/www.myuste.com\/ca\/wp-json\/wp\/v2\/media?parent=1348"}],"curies":[{"name":"wp","href":"https:\/\/api.w.org\/{rel}","templated":true}]}}