{"id":1352,"date":"2018-01-10T13:06:39","date_gmt":"2018-01-10T13:06:39","guid":{"rendered":"https:\/\/www.myuste.com\/automatismes\/"},"modified":"2021-08-05T10:29:24","modified_gmt":"2021-08-05T10:29:24","slug":"automatismes","status":"publish","type":"page","link":"https:\/\/www.myuste.com\/ca\/automatismes\/","title":{"rendered":"Automatismes"},"content":{"rendered":"\t\t<div data-elementor-type=\"wp-page\" data-elementor-id=\"1352\" class=\"elementor elementor-1352 elementor-88\" data-elementor-post-type=\"page\">\n\t\t\t\t\t\t<section class=\"elementor-section elementor-top-section elementor-element elementor-element-6b7390d2 elementor-section-boxed elementor-section-height-default elementor-section-height-default\" data-id=\"6b7390d2\" data-element_type=\"section\" data-e-type=\"section\">\n\t\t\t\t\t\t<div class=\"elementor-container elementor-column-gap-default\">\n\t\t\t\t\t<div class=\"elementor-column elementor-col-100 elementor-top-column elementor-element elementor-element-5e524d5e\" data-id=\"5e524d5e\" data-element_type=\"column\" data-e-type=\"column\">\n\t\t\t<div class=\"elementor-widget-wrap elementor-element-populated\">\n\t\t\t\t\t\t<div class=\"elementor-element elementor-element-3c47ee21 elementor-widget elementor-widget-text-editor\" data-id=\"3c47ee21\" data-element_type=\"widget\" data-e-type=\"widget\" data-widget_type=\"text-editor.default\">\n\t\t\t\t<div class=\"elementor-widget-container\">\n\t\t\t\t\t\t\t\t\t<h1>Automatismes M.Yuste<\/h1>\r\nLi podem automatitzar qualsevol tipus de porta, ja que disposem dels millors i m\u00e9s moderns sistemes del nostre mercat a nivell de motoritzacions com la part electr\u00f2nica.\r\n\r\n<img fetchpriority=\"high\" decoding=\"async\" class=\"alignnone wp-image-207 size-large\" title=\"Automatismos M. Yuste\" src=\"http:\/\/www.myuste.com\/wp-content\/uploads\/2018\/01\/automatismos-myuste-1024x375.jpg\" alt=\"\" width=\"1024\" height=\"375\" srcset=\"https:\/\/www.myuste.com\/wp-content\/uploads\/2018\/01\/automatismos-myuste-1024x375.jpg 1024w, https:\/\/www.myuste.com\/wp-content\/uploads\/2018\/01\/automatismos-myuste-300x110.jpg 300w, https:\/\/www.myuste.com\/wp-content\/uploads\/2018\/01\/automatismos-myuste-768x281.jpg 768w, https:\/\/www.myuste.com\/wp-content\/uploads\/2018\/01\/automatismos-myuste.jpg 1400w\" sizes=\"(max-width: 1024px) 100vw, 1024px\" \/>Disposem de controls d&#8217;accessos per a comunitats de lloguer, podent controlar aix\u00ed als abonats.\r\n\r\n<hr \/>\r\n\r\n[metaslider id=&#8221;92&#8243;]\r\n\r\n<hr \/>\r\n\r\n&nbsp;\t\t\t\t\t\t\t\t<\/div>\n\t\t\t\t<\/div>\n\t\t\t\t\t<\/div>\n\t\t<\/div>\n\t\t\t\t\t<\/div>\n\t\t<\/section>\n\t\t\t\t<section class=\"elementor-section elementor-top-section elementor-element elementor-element-e3cd32e elementor-section-boxed elementor-section-height-default elementor-section-height-default\" data-id=\"e3cd32e\" data-element_type=\"section\" data-e-type=\"section\">\n\t\t\t\t\t\t<div class=\"elementor-container elementor-column-gap-default\">\n\t\t\t\t\t<div class=\"elementor-column elementor-col-100 elementor-top-column elementor-element elementor-element-5eff9c3\" data-id=\"5eff9c3\" data-element_type=\"column\" data-e-type=\"column\">\n\t\t\t<div class=\"elementor-widget-wrap elementor-element-populated\">\n\t\t\t\t\t\t<div class=\"elementor-element elementor-element-1b23914 elementor-widget elementor-widget-heading\" data-id=\"1b23914\" data-element_type=\"widget\" data-e-type=\"widget\" data-widget_type=\"heading.default\">\n\t\t\t\t<div class=\"elementor-widget-container\">\n\t\t\t\t\t<h2 class=\"elementor-heading-title elementor-size-default\">Contacta amb nosaltres<\/h2>\t\t\t\t<\/div>\n\t\t\t\t<\/div>\n\t\t\t\t<div class=\"elementor-element elementor-element-31bb1ee elementor-button-align-stretch elementor-widget elementor-widget-form\" data-id=\"31bb1ee\" data-element_type=\"widget\" data-e-type=\"widget\" data-settings=\"{&quot;step_next_label&quot;:&quot;Next&quot;,&quot;step_previous_label&quot;:&quot;Previous&quot;,&quot;button_width&quot;:&quot;100&quot;,&quot;step_type&quot;:&quot;number_text&quot;,&quot;step_icon_shape&quot;:&quot;circle&quot;}\" data-widget_type=\"form.default\">\n\t\t\t\t<div class=\"elementor-widget-container\">\n\t\t\t\t\t\t\t<form class=\"elementor-form\" method=\"post\" name=\"Formulari automastismes\" aria-label=\"Formulari automastismes\">\n\t\t\t<input type=\"hidden\" name=\"post_id\" value=\"1352\"\/>\n\t\t\t<input type=\"hidden\" name=\"form_id\" value=\"31bb1ee\"\/>\n\t\t\t<input type=\"hidden\" name=\"referer_title\" value=\"Automatismes | Manel Yuste\" \/>\n\n\t\t\t\t\t\t\t<input type=\"hidden\" name=\"queried_id\" value=\"1352\"\/>\n\t\t\t\n\t\t\t<div class=\"elementor-form-fields-wrapper elementor-labels-above\">\n\t\t\t\t\t\t\t\t<div class=\"elementor-field-type-text elementor-field-group elementor-column elementor-field-group-name elementor-col-50\">\n\t\t\t\t\t\t\t\t\t\t\t\t<label for=\"form-field-name\" class=\"elementor-field-label\">\n\t\t\t\t\t\t\t\tNom\t\t\t\t\t\t\t<\/label>\n\t\t\t\t\t\t\t\t\t\t\t\t\t\t<input size=\"1\" type=\"text\" name=\"form_fields[name]\" id=\"form-field-name\" class=\"elementor-field elementor-size-sm  elementor-field-textual\">\n\t\t\t\t\t\t\t\t\t\t\t<\/div>\n\t\t\t\t\t\t\t\t<div class=\"elementor-field-type-text elementor-field-group elementor-column elementor-field-group-field_86623f8 elementor-col-50\">\n\t\t\t\t\t\t\t\t\t\t\t\t<label for=\"form-field-field_86623f8\" class=\"elementor-field-label\">\n\t\t\t\t\t\t\t\tCognoms\t\t\t\t\t\t\t<\/label>\n\t\t\t\t\t\t\t\t\t\t\t\t\t\t<input size=\"1\" type=\"text\" name=\"form_fields[field_86623f8]\" id=\"form-field-field_86623f8\" class=\"elementor-field elementor-size-sm  elementor-field-textual\">\n\t\t\t\t\t\t\t\t\t\t\t<\/div>\n\t\t\t\t\t\t\t\t<div class=\"elementor-field-type-email elementor-field-group elementor-column elementor-field-group-email elementor-col-50 elementor-field-required\">\n\t\t\t\t\t\t\t\t\t\t\t\t<label for=\"form-field-email\" class=\"elementor-field-label\">\n\t\t\t\t\t\t\t\tEmail\t\t\t\t\t\t\t<\/label>\n\t\t\t\t\t\t\t\t\t\t\t\t\t\t<input size=\"1\" type=\"email\" name=\"form_fields[email]\" id=\"form-field-email\" class=\"elementor-field elementor-size-sm  elementor-field-textual\" placeholder=\"El teu correu electr\u00f2nic\" required=\"required\">\n\t\t\t\t\t\t\t\t\t\t\t<\/div>\n\t\t\t\t\t\t\t\t<div class=\"elementor-field-type-number elementor-field-group elementor-column elementor-field-group-field_374725b elementor-col-50 elementor-field-required\">\n\t\t\t\t\t\t\t\t\t\t\t\t<label for=\"form-field-field_374725b\" class=\"elementor-field-label\">\n\t\t\t\t\t\t\t\tTel\u00e8fon\t\t\t\t\t\t\t<\/label>\n\t\t\t\t\t\t\t\t\t<input type=\"number\" name=\"form_fields[field_374725b]\" id=\"form-field-field_374725b\" class=\"elementor-field elementor-size-sm  elementor-field-textual\" required=\"required\" min=\"\" max=\"\" >\n\t\t\t\t\t\t<\/div>\n\t\t\t\t\t\t\t\t<div class=\"elementor-field-type-textarea elementor-field-group elementor-column elementor-field-group-message elementor-col-100\">\n\t\t\t\t\t\t\t\t\t\t\t\t<label for=\"form-field-message\" class=\"elementor-field-label\">\n\t\t\t\t\t\t\t\tMissatge\t\t\t\t\t\t\t<\/label>\n\t\t\t\t\t\t<textarea class=\"elementor-field-textual elementor-field  elementor-size-sm\" name=\"form_fields[message]\" id=\"form-field-message\" rows=\"4\" placeholder=\"Com et podem ajudar?\"><\/textarea>\t\t\t\t<\/div>\n\t\t\t\t\t\t\t\t<div class=\"elementor-field-type-html elementor-field-group elementor-column elementor-field-group-field_df47d48 elementor-col-100\">\n\t\t\t\t\tFinalitats: Respondre a les seves sol\u00b7licituds i remetre-li informaci\u00f3 comercial dels nostres productes i serveis, fins i tot per correu electr\u00f2nic. Legitimaci\u00f3: Consentiment de l'interessat. Destinataris: No estan previstes cessions de dades. Drets: Pot retirar el seu consentiment en qualsevol moment, aix\u00ed com accedir, rectificar, suprimir les seves dades i altres drets a <a href=\"mailto:myuste@myuste.com;\">myuste@myuste.com<\/a>. Informaci\u00f3 addicional: Pot ampliar la informaci\u00f3 a l'enlla\u00e7 d'Avisos Legals.\n\t\t\t\t<\/div>\n\t\t\t\t\t\t\t\t<div class=\"elementor-field-type-checkbox elementor-field-group elementor-column elementor-field-group-field_44f9bf5 elementor-col-100\">\n\t\t\t\t\t<div class=\"elementor-field-subgroup  \"><span class=\"elementor-field-option\"><input type=\"checkbox\" value=\"Accepto rebre informaci\u00f3 comercial, fins i tot per correu electr\u00f2nic. He llegit i accepto l&#039;&lt;a href=&quot;\/ca\/aviso-legal-y-politica-de-privacidad\/&quot;&gt; av\u00eds legal i la pol\u00edtica de privacitat &lt;\/a&gt; del site.\" id=\"form-field-field_44f9bf5-0\" name=\"form_fields[field_44f9bf5]\"> <label for=\"form-field-field_44f9bf5-0\">Accepto rebre informaci\u00f3 comercial, fins i tot per correu electr\u00f2nic. He llegit i accepto l'<a href=\"\/ca\/aviso-legal-y-politica-de-privacidad\/\"> av\u00eds legal i la pol\u00edtica de privacitat <\/a> del site.<\/label><\/span><\/div>\t\t\t\t<\/div>\n\t\t\t\t\t\t\t\t<div class=\"elementor-field-type-recaptcha_v3 elementor-field-group elementor-column elementor-field-group-field_7b38889 elementor-col-100 recaptcha_v3-bottomright\">\n\t\t\t\t\t<div class=\"elementor-field\" id=\"form-field-field_7b38889\"><div class=\"elementor-g-recaptcha\" data-sitekey=\"6LeAwt4bAAAAACp4nk4kT2qGEAgjvF99qo-ZvM2Z\" data-type=\"v3\" data-action=\"Form\" data-badge=\"bottomright\" data-size=\"invisible\"><\/div><\/div>\t\t\t\t<\/div>\n\t\t\t\t\t\t\t\t<div class=\"elementor-field-group elementor-column elementor-field-type-submit elementor-col-100 e-form__buttons\">\n\t\t\t\t\t<button class=\"elementor-button elementor-size-sm\" type=\"submit\">\n\t\t\t\t\t\t<span class=\"elementor-button-content-wrapper\">\n\t\t\t\t\t\t\t\t\t\t\t\t\t\t\t\t\t\t\t\t\t\t<span class=\"elementor-button-text\">Enviar<\/span>\n\t\t\t\t\t\t\t\t\t\t\t\t\t<\/span>\n\t\t\t\t\t<\/button>\n\t\t\t\t<\/div>\n\t\t\t<\/div>\n\t\t<\/form>\n\t\t\t\t\t\t<\/div>\n\t\t\t\t<\/div>\n\t\t\t\t\t<\/div>\n\t\t<\/div>\n\t\t\t\t\t<\/div>\n\t\t<\/section>\n\t\t\t\t<\/div>\n\t\t","protected":false},"excerpt":{"rendered":"<p>Automatismes M.Yuste Li podem automatitzar qualsevol tipus de porta, ja que disposem dels millors i m\u00e9s moderns sistemes del nostre mercat a nivell de motoritzacions com la part electr\u00f2nica. Disposem de controls d&#8217;accessos per a comunitats de lloguer, podent controlar aix\u00ed als abonats. [metaslider id=&#8221;92&#8243;] &nbsp; Contacta amb nosaltres<\/p>\n","protected":false},"author":2,"featured_media":0,"parent":0,"menu_order":0,"comment_status":"closed","ping_status":"closed","template":"","meta":{"footnotes":""},"class_list":["post-1352","page","type-page","status-publish","hentry"],"aioseo_notices":[],"_links":{"self":[{"href":"https:\/\/www.myuste.com\/ca\/wp-json\/wp\/v2\/pages\/1352","targetHints":{"allow":["GET"]}}],"collection":[{"href":"https:\/\/www.myuste.com\/ca\/wp-json\/wp\/v2\/pages"}],"about":[{"href":"https:\/\/www.myuste.com\/ca\/wp-json\/wp\/v2\/types\/page"}],"author":[{"embeddable":true,"href":"https:\/\/www.myuste.com\/ca\/wp-json\/wp\/v2\/users\/2"}],"replies":[{"embeddable":true,"href":"https:\/\/www.myuste.com\/ca\/wp-json\/wp\/v2\/comments?post=1352"}],"version-history":[{"count":12,"href":"https:\/\/www.myuste.com\/ca\/wp-json\/wp\/v2\/pages\/1352\/revisions"}],"predecessor-version":[{"id":2549,"href":"https:\/\/www.myuste.com\/ca\/wp-json\/wp\/v2\/pages\/1352\/revisions\/2549"}],"wp:attachment":[{"href":"https:\/\/www.myuste.com\/ca\/wp-json\/wp\/v2\/media?parent=1352"}],"curies":[{"name":"wp","href":"https:\/\/api.w.org\/{rel}","templated":true}]}}