{"id":1358,"date":"2018-01-11T11:21:23","date_gmt":"2018-01-11T11:21:23","guid":{"rendered":"https:\/\/www.myuste.com\/seccionals\/"},"modified":"2021-08-05T10:41:51","modified_gmt":"2021-08-05T10:41:51","slug":"seccionals","status":"publish","type":"page","link":"https:\/\/www.myuste.com\/ca\/portes\/seccionals\/","title":{"rendered":"Seccionals"},"content":{"rendered":"\t\t<div data-elementor-type=\"wp-page\" data-elementor-id=\"1358\" class=\"elementor elementor-1358 elementor-218\" data-elementor-post-type=\"page\">\n\t\t\t\t\t\t<section class=\"elementor-section elementor-top-section elementor-element elementor-element-685eb349 elementor-section-boxed elementor-section-height-default elementor-section-height-default\" data-id=\"685eb349\" data-element_type=\"section\" data-e-type=\"section\">\n\t\t\t\t\t\t<div class=\"elementor-container elementor-column-gap-default\">\n\t\t\t\t\t<div class=\"elementor-column elementor-col-100 elementor-top-column elementor-element elementor-element-76b6960\" data-id=\"76b6960\" data-element_type=\"column\" data-e-type=\"column\">\n\t\t\t<div class=\"elementor-widget-wrap elementor-element-populated\">\n\t\t\t\t\t\t<div class=\"elementor-element elementor-element-2a566ac0 elementor-widget elementor-widget-text-editor\" data-id=\"2a566ac0\" data-element_type=\"widget\" data-e-type=\"widget\" data-widget_type=\"text-editor.default\">\n\t\t\t\t<div class=\"elementor-widget-container\">\n\t\t\t\t\t\t\t\t\t<h1>Portes seccionals M.Yuste<\/h1><p>Portes Seccionals, ideals! Ja que l&#8217;excel-lent acabat fa que el manteniment de la porta sigui quasi nul i a m\u00e9s ens asseguren un tancament estanc i un gran a\u00efllament t\u00e8rmic.<\/p><p><img fetchpriority=\"high\" decoding=\"async\" class=\"aligncenter wp-image-491 size-large\" title=\"Puertas seccionables M.Yuste\" src=\"http:\/\/www.myuste.com\/wp-content\/uploads\/2018\/01\/seccionales-myuste-1024x375.jpg\" alt=\"\" width=\"1024\" height=\"375\" srcset=\"https:\/\/www.myuste.com\/wp-content\/uploads\/2018\/01\/seccionales-myuste-1024x375.jpg 1024w, https:\/\/www.myuste.com\/wp-content\/uploads\/2018\/01\/seccionales-myuste-300x110.jpg 300w, https:\/\/www.myuste.com\/wp-content\/uploads\/2018\/01\/seccionales-myuste-768x281.jpg 768w, https:\/\/www.myuste.com\/wp-content\/uploads\/2018\/01\/seccionales-myuste.jpg 1400w\" sizes=\"(max-width: 1024px) 100vw, 1024px\" \/><\/p><p>Les elegants portes seccionals autom\u00e0tiques s&#8217;obren verticalment cap amunt. D&#8217;aquesta forma s&#8217;aconsegueix m\u00e9s espai al garatge i davant, podent aprofitar l&#8217;amplada del pas. Les portes seccionals s\u00f3n ideals per a les reformes ja que encaixen independentment de l&#8217;espai que tinguem per muntar-la.<\/p><hr \/>\t\t\t\t\t\t\t\t<\/div>\n\t\t\t\t<\/div>\n\t\t\t\t\t<\/div>\n\t\t<\/div>\n\t\t\t\t\t<\/div>\n\t\t<\/section>\n\t\t\t\t<section class=\"elementor-section elementor-top-section elementor-element elementor-element-540fc59 elementor-section-boxed elementor-section-height-default elementor-section-height-default\" data-id=\"540fc59\" data-element_type=\"section\" data-e-type=\"section\">\n\t\t\t\t\t\t<div class=\"elementor-container elementor-column-gap-default\">\n\t\t\t\t\t<div class=\"elementor-column elementor-col-100 elementor-top-column elementor-element elementor-element-d4b726c\" data-id=\"d4b726c\" data-element_type=\"column\" data-e-type=\"column\">\n\t\t\t<div class=\"elementor-widget-wrap elementor-element-populated\">\n\t\t\t\t\t\t<div class=\"elementor-element elementor-element-9d3fd03 elementor-widget elementor-widget-image\" data-id=\"9d3fd03\" data-element_type=\"widget\" data-e-type=\"widget\" data-widget_type=\"image.default\">\n\t\t\t\t<div class=\"elementor-widget-container\">\n\t\t\t\t\t\t\t\t\t\t\t\t\t\t\t<img decoding=\"async\" width=\"800\" height=\"459\" src=\"https:\/\/www.myuste.com\/wp-content\/uploads\/2018\/10\/seccionable_02.jpg\" class=\"attachment-large size-large wp-image-1260\" alt=\"\" srcset=\"https:\/\/www.myuste.com\/wp-content\/uploads\/2018\/10\/seccionable_02.jpg 800w, https:\/\/www.myuste.com\/wp-content\/uploads\/2018\/10\/seccionable_02-300x172.jpg 300w, https:\/\/www.myuste.com\/wp-content\/uploads\/2018\/10\/seccionable_02-768x441.jpg 768w, https:\/\/www.myuste.com\/wp-content\/uploads\/2018\/10\/seccionable_02-400x229.jpg 400w\" sizes=\"(max-width: 800px) 100vw, 800px\" \/>\t\t\t\t\t\t\t\t\t\t\t\t\t\t\t<\/div>\n\t\t\t\t<\/div>\n\t\t\t\t\t<\/div>\n\t\t<\/div>\n\t\t\t\t\t<\/div>\n\t\t<\/section>\n\t\t\t\t<section class=\"elementor-section elementor-top-section elementor-element elementor-element-b38dfe4 elementor-section-boxed elementor-section-height-default elementor-section-height-default\" data-id=\"b38dfe4\" data-element_type=\"section\" data-e-type=\"section\">\n\t\t\t\t\t\t<div class=\"elementor-container elementor-column-gap-default\">\n\t\t\t\t\t<div class=\"elementor-column elementor-col-100 elementor-top-column elementor-element elementor-element-51f6d3d\" data-id=\"51f6d3d\" data-element_type=\"column\" data-e-type=\"column\">\n\t\t\t<div class=\"elementor-widget-wrap elementor-element-populated\">\n\t\t\t\t\t\t<div class=\"elementor-element elementor-element-c7a97e4 elementor-widget elementor-widget-heading\" data-id=\"c7a97e4\" data-element_type=\"widget\" data-e-type=\"widget\" data-widget_type=\"heading.default\">\n\t\t\t\t<div class=\"elementor-widget-container\">\n\t\t\t\t\t<h2 class=\"elementor-heading-title elementor-size-default\">Contacta amb nosaltres<\/h2>\t\t\t\t<\/div>\n\t\t\t\t<\/div>\n\t\t\t\t<div class=\"elementor-element elementor-element-1e9ddb1 elementor-button-align-stretch elementor-widget elementor-widget-form\" data-id=\"1e9ddb1\" data-element_type=\"widget\" data-e-type=\"widget\" data-settings=\"{&quot;step_next_label&quot;:&quot;Next&quot;,&quot;step_previous_label&quot;:&quot;Previous&quot;,&quot;button_width&quot;:&quot;100&quot;,&quot;step_type&quot;:&quot;number_text&quot;,&quot;step_icon_shape&quot;:&quot;circle&quot;}\" data-widget_type=\"form.default\">\n\t\t\t\t<div class=\"elementor-widget-container\">\n\t\t\t\t\t\t\t<form class=\"elementor-form\" method=\"post\" name=\"Formulari portes seccionals\" aria-label=\"Formulari portes seccionals\">\n\t\t\t<input type=\"hidden\" name=\"post_id\" value=\"1358\"\/>\n\t\t\t<input type=\"hidden\" name=\"form_id\" value=\"1e9ddb1\"\/>\n\t\t\t<input type=\"hidden\" name=\"referer_title\" value=\"\" \/>\n\n\t\t\t\n\t\t\t<div class=\"elementor-form-fields-wrapper elementor-labels-above\">\n\t\t\t\t\t\t\t\t<div class=\"elementor-field-type-text elementor-field-group elementor-column elementor-field-group-name elementor-col-50\">\n\t\t\t\t\t\t\t\t\t\t\t\t<label for=\"form-field-name\" class=\"elementor-field-label\">\n\t\t\t\t\t\t\t\tNom\t\t\t\t\t\t\t<\/label>\n\t\t\t\t\t\t\t\t\t\t\t\t\t\t<input size=\"1\" type=\"text\" name=\"form_fields[name]\" id=\"form-field-name\" class=\"elementor-field elementor-size-sm  elementor-field-textual\">\n\t\t\t\t\t\t\t\t\t\t\t<\/div>\n\t\t\t\t\t\t\t\t<div class=\"elementor-field-type-text elementor-field-group elementor-column elementor-field-group-field_86623f8 elementor-col-50\">\n\t\t\t\t\t\t\t\t\t\t\t\t<label for=\"form-field-field_86623f8\" class=\"elementor-field-label\">\n\t\t\t\t\t\t\t\tCognoms\t\t\t\t\t\t\t<\/label>\n\t\t\t\t\t\t\t\t\t\t\t\t\t\t<input size=\"1\" type=\"text\" name=\"form_fields[field_86623f8]\" id=\"form-field-field_86623f8\" class=\"elementor-field elementor-size-sm  elementor-field-textual\">\n\t\t\t\t\t\t\t\t\t\t\t<\/div>\n\t\t\t\t\t\t\t\t<div class=\"elementor-field-type-email elementor-field-group elementor-column elementor-field-group-email elementor-col-50 elementor-field-required\">\n\t\t\t\t\t\t\t\t\t\t\t\t<label for=\"form-field-email\" class=\"elementor-field-label\">\n\t\t\t\t\t\t\t\tEmail\t\t\t\t\t\t\t<\/label>\n\t\t\t\t\t\t\t\t\t\t\t\t\t\t<input size=\"1\" type=\"email\" name=\"form_fields[email]\" id=\"form-field-email\" class=\"elementor-field elementor-size-sm  elementor-field-textual\" placeholder=\"El teu correu electr\u00f2nic\" required=\"required\">\n\t\t\t\t\t\t\t\t\t\t\t<\/div>\n\t\t\t\t\t\t\t\t<div class=\"elementor-field-type-number elementor-field-group elementor-column elementor-field-group-field_374725b elementor-col-50 elementor-field-required\">\n\t\t\t\t\t\t\t\t\t\t\t\t<label for=\"form-field-field_374725b\" class=\"elementor-field-label\">\n\t\t\t\t\t\t\t\tTel\u00e8fon\t\t\t\t\t\t\t<\/label>\n\t\t\t\t\t\t\t\t\t<input type=\"number\" name=\"form_fields[field_374725b]\" id=\"form-field-field_374725b\" class=\"elementor-field elementor-size-sm  elementor-field-textual\" required=\"required\" min=\"\" max=\"\" >\n\t\t\t\t\t\t<\/div>\n\t\t\t\t\t\t\t\t<div class=\"elementor-field-type-textarea elementor-field-group elementor-column elementor-field-group-message elementor-col-100\">\n\t\t\t\t\t\t\t\t\t\t\t\t<label for=\"form-field-message\" class=\"elementor-field-label\">\n\t\t\t\t\t\t\t\tMissatge\t\t\t\t\t\t\t<\/label>\n\t\t\t\t\t\t<textarea class=\"elementor-field-textual elementor-field  elementor-size-sm\" name=\"form_fields[message]\" id=\"form-field-message\" rows=\"4\" placeholder=\"Com et podemo ajudar?\"><\/textarea>\t\t\t\t<\/div>\n\t\t\t\t\t\t\t\t<div class=\"elementor-field-type-html elementor-field-group elementor-column elementor-field-group-field_df47d48 elementor-col-100\">\n\t\t\t\t\tFinalitats: Respondre a les seves sol\u00b7licituds i remetre-li informaci\u00f3 comercial dels nostres productes i serveis, fins i tot per correu electr\u00f2nic. Legitimaci\u00f3: Consentiment de l'interessat. Destinataris: No estan previstes cessions de dades. Drets: Pot retirar el seu consentiment en qualsevol moment, aix\u00ed com accedir, rectificar, suprimir les seves dades i altres drets a <a href=\"mailto:myuste@myuste.com;\">myuste@myuste.com<\/a>. Informaci\u00f3 addicional: Pot ampliar la informaci\u00f3 a l'enlla\u00e7 d'Avisos Legals.\n\t\t\t\t<\/div>\n\t\t\t\t\t\t\t\t<div class=\"elementor-field-type-checkbox elementor-field-group elementor-column elementor-field-group-field_44f9bf5 elementor-col-100\">\n\t\t\t\t\t<div class=\"elementor-field-subgroup  \"><span class=\"elementor-field-option\"><input type=\"checkbox\" value=\"Accepto rebre informaci\u00f3 comercial, fins i tot per correu electr\u00f2nic. He llegit i accepto l&#039;&lt;a href=&quot;\/ca\/aviso-legal-y-politica-de-privacidad\/&quot;&gt; av\u00eds legal i la pol\u00edtica de privacitat &lt;\/a&gt; del site.\" id=\"form-field-field_44f9bf5-0\" name=\"form_fields[field_44f9bf5]\"> <label for=\"form-field-field_44f9bf5-0\">Accepto rebre informaci\u00f3 comercial, fins i tot per correu electr\u00f2nic. He llegit i accepto l'<a href=\"\/ca\/aviso-legal-y-politica-de-privacidad\/\"> av\u00eds legal i la pol\u00edtica de privacitat <\/a> del site.<\/label><\/span><\/div>\t\t\t\t<\/div>\n\t\t\t\t\t\t\t\t<div class=\"elementor-field-type-recaptcha_v3 elementor-field-group elementor-column elementor-field-group-field_7b38889 elementor-col-100 recaptcha_v3-bottomright\">\n\t\t\t\t\t<div class=\"elementor-field\" id=\"form-field-field_7b38889\"><div class=\"elementor-g-recaptcha\" data-sitekey=\"6LeAwt4bAAAAACp4nk4kT2qGEAgjvF99qo-ZvM2Z\" data-type=\"v3\" data-action=\"Form\" data-badge=\"bottomright\" data-size=\"invisible\"><\/div><\/div>\t\t\t\t<\/div>\n\t\t\t\t\t\t\t\t<div class=\"elementor-field-group elementor-column elementor-field-type-submit elementor-col-100 e-form__buttons\">\n\t\t\t\t\t<button class=\"elementor-button elementor-size-sm\" type=\"submit\">\n\t\t\t\t\t\t<span class=\"elementor-button-content-wrapper\">\n\t\t\t\t\t\t\t\t\t\t\t\t\t\t\t\t\t\t\t\t\t\t<span class=\"elementor-button-text\">Enviar<\/span>\n\t\t\t\t\t\t\t\t\t\t\t\t\t<\/span>\n\t\t\t\t\t<\/button>\n\t\t\t\t<\/div>\n\t\t\t<\/div>\n\t\t<\/form>\n\t\t\t\t\t\t<\/div>\n\t\t\t\t<\/div>\n\t\t\t\t\t<\/div>\n\t\t<\/div>\n\t\t\t\t\t<\/div>\n\t\t<\/section>\n\t\t\t\t<\/div>\n\t\t","protected":false},"excerpt":{"rendered":"<p>Portes seccionals M.Yuste Portes Seccionals, ideals! Ja que l&#8217;excel-lent acabat fa que el manteniment de la porta sigui quasi nul i a m\u00e9s ens asseguren un tancament estanc i un gran a\u00efllament t\u00e8rmic. Les elegants portes seccionals autom\u00e0tiques s&#8217;obren verticalment cap amunt. D&#8217;aquesta forma s&#8217;aconsegueix m\u00e9s espai al garatge i davant, podent aprofitar l&#8217;amplada del [&hellip;]<\/p>\n","protected":false},"author":2,"featured_media":0,"parent":1348,"menu_order":2,"comment_status":"closed","ping_status":"closed","template":"","meta":{"footnotes":""},"class_list":["post-1358","page","type-page","status-publish","hentry"],"aioseo_notices":[],"_links":{"self":[{"href":"https:\/\/www.myuste.com\/ca\/wp-json\/wp\/v2\/pages\/1358","targetHints":{"allow":["GET"]}}],"collection":[{"href":"https:\/\/www.myuste.com\/ca\/wp-json\/wp\/v2\/pages"}],"about":[{"href":"https:\/\/www.myuste.com\/ca\/wp-json\/wp\/v2\/types\/page"}],"author":[{"embeddable":true,"href":"https:\/\/www.myuste.com\/ca\/wp-json\/wp\/v2\/users\/2"}],"replies":[{"embeddable":true,"href":"https:\/\/www.myuste.com\/ca\/wp-json\/wp\/v2\/comments?post=1358"}],"version-history":[{"count":3,"href":"https:\/\/www.myuste.com\/ca\/wp-json\/wp\/v2\/pages\/1358\/revisions"}],"predecessor-version":[{"id":2580,"href":"https:\/\/www.myuste.com\/ca\/wp-json\/wp\/v2\/pages\/1358\/revisions\/2580"}],"up":[{"embeddable":true,"href":"https:\/\/www.myuste.com\/ca\/wp-json\/wp\/v2\/pages\/1348"}],"wp:attachment":[{"href":"https:\/\/www.myuste.com\/ca\/wp-json\/wp\/v2\/media?parent=1358"}],"curies":[{"name":"wp","href":"https:\/\/api.w.org\/{rel}","templated":true}]}}