{"id":1362,"date":"2018-01-11T16:41:54","date_gmt":"2018-01-11T16:41:54","guid":{"rendered":"https:\/\/www.myuste.com\/enrollables\/"},"modified":"2018-01-11T16:41:54","modified_gmt":"2018-01-11T16:41:54","slug":"enrollables","status":"publish","type":"page","link":"https:\/\/www.myuste.com\/ca\/portes\/enrollables\/","title":{"rendered":"Enrollables"},"content":{"rendered":"<h1>Puertas enrollables M.Yuste<\/h1>\n<p>Puertas enrollables para su local o negocio, de acero galvanizado o de aluminio, en diferentes modelos, acabados y colores.<\/p>\n<p><img fetchpriority=\"high\" decoding=\"async\" class=\"aligncenter size-large wp-image-361\" src=\"http:\/\/www.myuste.com\/wp-content\/uploads\/2018\/01\/enrollables-1024x375.jpg\" alt=\"\" width=\"1024\" height=\"375\" srcset=\"https:\/\/www.myuste.com\/wp-content\/uploads\/2018\/01\/enrollables-1024x375.jpg 1024w, https:\/\/www.myuste.com\/wp-content\/uploads\/2018\/01\/enrollables-300x110.jpg 300w, https:\/\/www.myuste.com\/wp-content\/uploads\/2018\/01\/enrollables-768x281.jpg 768w, https:\/\/www.myuste.com\/wp-content\/uploads\/2018\/01\/enrollables.jpg 1400w\" sizes=\"(max-width: 1024px) 100vw, 1024px\" \/><\/p>\n<p>Con la puerta de garaje RollMatic queda mucho espacio libre delante y dentro del garaje. Puede aparcar su coche directamente delante de la puerta, y el espacio debajo del techo del garaje tambi\u00e9n permanece libre. El perfil de la puerta RollMatic se produce de aluminio de gran calidad resistente contra la corrosi\u00f3n, y se equipa de serie con la m\u00e1s moderna t\u00e9cnica de automatismos de H\u00f6rmann.<\/p>\n<p>El automatismo se encuentra fuera de la consola para facilitar el mantenimiento. El movimiento de arranque y parada de la puerta RollMatic es especialmente suave y silencioso. Un pulsador interior y la iluminaci\u00f3n del garaje est\u00e1n integrados en la carcasa del cuadro de maniobra.<\/p>\n<hr \/>\n<p>[metaslider id=&#8221;121&#8243;]<\/p>\n<hr \/>\n<h3 style=\"text-align: left;\" align=\"center\">\u00bfNecesitas un presupuesto?<\/h3>\n<p style=\"text-align: left;\" align=\"center\">[contact-form-7 id=&#8221;287&#8243; title=&#8221;Contacte&#8221;]<\/p>\n<hr \/>\n<p style=\"text-align: left;\" align=\"center\">\n","protected":false},"excerpt":{"rendered":"<p>Puertas enrollables M.Yuste Puertas enrollables para su local o negocio, de acero galvanizado o de aluminio, en diferentes modelos, acabados y colores. Con la puerta de garaje RollMatic queda mucho espacio libre delante y dentro del garaje. Puede aparcar su coche directamente delante de la puerta, y el espacio debajo del techo del garaje tambi\u00e9n [&hellip;]<\/p>\n","protected":false},"author":2,"featured_media":0,"parent":1348,"menu_order":3,"comment_status":"closed","ping_status":"closed","template":"","meta":{"footnotes":""},"class_list":["post-1362","page","type-page","status-publish","hentry"],"aioseo_notices":[],"_links":{"self":[{"href":"https:\/\/www.myuste.com\/ca\/wp-json\/wp\/v2\/pages\/1362","targetHints":{"allow":["GET"]}}],"collection":[{"href":"https:\/\/www.myuste.com\/ca\/wp-json\/wp\/v2\/pages"}],"about":[{"href":"https:\/\/www.myuste.com\/ca\/wp-json\/wp\/v2\/types\/page"}],"author":[{"embeddable":true,"href":"https:\/\/www.myuste.com\/ca\/wp-json\/wp\/v2\/users\/2"}],"replies":[{"embeddable":true,"href":"https:\/\/www.myuste.com\/ca\/wp-json\/wp\/v2\/comments?post=1362"}],"version-history":[{"count":0,"href":"https:\/\/www.myuste.com\/ca\/wp-json\/wp\/v2\/pages\/1362\/revisions"}],"up":[{"embeddable":true,"href":"https:\/\/www.myuste.com\/ca\/wp-json\/wp\/v2\/pages\/1348"}],"wp:attachment":[{"href":"https:\/\/www.myuste.com\/ca\/wp-json\/wp\/v2\/media?parent=1362"}],"curies":[{"name":"wp","href":"https:\/\/api.w.org\/{rel}","templated":true}]}}